{"id":3,"date":"2023-10-09T20:05:18","date_gmt":"2023-10-09T20:05:18","guid":{"rendered":"https:\/\/banjaluka.life\/?page_id=3"},"modified":"2023-12-26T13:37:35","modified_gmt":"2023-12-26T11:37:35","slug":"privacy-policy","status":"publish","type":"page","link":"https:\/\/banjaluka.life\/sr\/privacy-policy\/","title":{"rendered":"Privatnost"},"content":{"rendered":"<h2 class=\"wp-block-heading\">Privatnost podataka<\/h2>\n\n\n\n<p>Za\u0161tita privatnosti na\u0161ih korisnika prilikom kori\u0161\u0107enja Internet stranice <a href=\"https:\/\/banjaluka.life\/sr\/\">www.banjaluka.life<\/a> od izuzetnog je zna\u010daja za <a href=\"https:\/\/banjaluka.life\/sr\/\">banjaluka.life<\/a>. <a href=\"https:\/\/banjaluka.life\/sr\/\">Banjaluka.life<\/a> smatra sve korisnike svojim partnerima s kojima sara\u0111uje u skladu sa dobrim poslovnim obi\u010dajima i u potpunosti po\u0161tuje doma\u0107u i stranu legislativu.<\/p>\n\n\n\n<p>Ovo partnerstvo mo\u017ee obuhvatiti i kori\u0161\u0107enje li\u010dnih podataka korisnika. Putem ovog Obavje\u0161tenja o za\u0161titi privatnosti i li\u010dnih podataka, informi\u0161emo Vas kako prikupljamo i koristimo Va\u0161e li\u010dne podatke, kome ih otkrivamo i kako mo\u017eete pristupiti, promjeniti, ukloniti ili preuzeti.<\/p>\n\n\n\n<p>Detaljno \u0107emo Vas informisati o prikupljanju li\u010dnih i anonimnih podataka, kao i o svim relevantnim informacijama vezanim za Va\u0161e li\u010dne podatke.<\/p>\n\n\n\n<p>Podaci koje <a href=\"https:\/\/banjaluka.life\/sr\/\">banjaluka.life<\/a> prikuplja i \u010duva na svojim serverima su isklju\u010divo oni podaci neophodni za kori\u0161\u0107enje stranice <a href=\"https:\/\/banjaluka.life\/sr\/\">banjaluka.life<\/a> i radi odr\u017eavanja profesionalnih odnosa izme\u0111u <a href=\"https:\/\/banjaluka.life\/sr\/\">banjaluka.life<\/a> i korisnika, kao i izme\u0111u samih korisnika.<\/p>\n\n\n\n<p>Odre\u0111eni podaci, u skladu sa Zakonom o za\u0161titi li\u010dnih podataka i GDPR-om, smatraju se li\u010dnim podacima, a u to spadaju:<\/p>\n\n\n\n<p><strong>Ime i prezime<br>E-mail adresa<br>Broj telefona<br>Adresa stanovanja<br>IP adresa<\/strong><\/p>\n\n\n\n<h2 class=\"wp-block-heading\">Za\u0161tita podataka svih korisnika<\/h2>\n\n\n\n<p>Nezavisno od toga \u0161to <a href=\"https:\/\/banjaluka.life\/sr\/\">banjaluka.life<\/a> ima privatne i komercijalne korisnike, preduzeli smo tehni\u010dke i organizacione mjere za\u0161tite podataka protiv gubitka, manipulacije i neovla\u0161tenog pristupa. Postupak za\u0161tite podataka kontinuirano prilago\u0111avamo tehni\u010dkom razvoju.<\/p>\n\n\n\n<h2 class=\"wp-block-heading\">Prikupljanje i obrada li\u010dnih podataka<\/h2>\n\n\n\n<p>Posebno je va\u017eno napomenuti da se li\u010dni podaci na\u0161ih korisnika \u010duvaju isklju\u010divo na dobrovoljnoj osnovi. To zna\u010di da se podaci prikupljaju samo kada korisnici izri\u010dito daju svoj pristanak, na primjer, prilikom registracije, upita, u\u010destvovanja u nagradnim igrama ili pretplate na Newsletter. Na\u010din prikupljanja podataka podrazumjeva da svaki korisnik dobrovoljno unese svoje li\u010dne podatke prilikom registracije, a obim tih podataka zavisi isklju\u010divo od korisnika.<\/p>\n\n\n\n<p><a href=\"https:\/\/banjaluka.life\/sr\/\">Banjaluka.life<\/a> ne vr\u0161i obradu podataka korisnika bez njihove saglasnosti i pristanka, a svako prikupljanje podataka vr\u0161i se uz izri\u010ditu saglasnost korisnika kako bi oni mogli koristiti opcije stranice banjaluka.life.<\/p>\n\n\n\n<h2 class=\"wp-block-heading\">Povla\u010denje pretplate na Newsletter<\/h2>\n\n\n\n<p>Korisnici imaju tehni\u010dku mogu\u0107nost da se uklone sa liste primatelja Newslettera klikom na odgovaraju\u0107u poveznicu koja se nalazi u svakom emailu.<\/p>\n\n\n\n<h2 class=\"wp-block-heading\">Registracija i kupovina online<\/h2>\n\n\n\n<p>Prilikom registracije na stranicu <a href=\"https:\/\/banjaluka.life\/sr\/\">banjaluka.life<\/a> , korisnici unose odre\u0111ene podatke, a najva\u017eniji podatak u tom smislu je e-mail adresa korisnika. Ostali podaci koji se mogu smatrati li\u010dnim podacima korisnici unose isklju\u010divo ako to \u017eele. <a href=\"https:\/\/banjaluka.life\/sr\/\">Banjaluka.life<\/a> nikada ne\u0107e prisiljavati korisnike da unesu adresu, broj telefona ili druge li\u010dne podatke.<\/p>\n\n\n\n<h2 class=\"wp-block-heading\">Podaci koje <a href=\"https:\/\/banjaluka.life\/sr\/\">Banjaluka.life<\/a> automatski prikuplja \/ Kori\u0161\u0107enje kola\u010di\u0107a (eng. Cookies)<\/h2>\n\n\n\n<p>Kako bismo odr\u017eavali funkcionalnost na\u0161e internetske stranice, <a href=\"https:\/\/banjaluka.life\/sr\/\">banjaluka.life<\/a> koristi tehnologiju poznatu kao \u201ekola\u010di\u0107i\u201c (cookies). Kola\u010di\u0107i su male datoteke koje \u0161aljemo na ra\u010dunar korisnika, a kasnije im mo\u017eemo pristupiti. Oni mogu biti privremeni ili stalni, te koriste tehnologije kao \u0161to su JavaScript ili Flash. Zahvaljuju\u0107i kola\u010di\u0107ima, korisnici mogu pregledavati na\u0161u stranicu bez pote\u0161ko\u0107a.<\/p>\n\n\n\n<p>Kola\u010di\u0107 je mala tekstualna datoteka koja \u010duva Internet postavke na\u0161ih korisnika. Skoro svaka internetska stranica koristi ovu tehnologiju. Prilikom prve posjete korisnika stranici, Internet preglednik svakog pojedinog korisnika preuzima tu datoteku na ure\u0111aj tog korisnika. Kod sljede\u0107e posjete iste stranice na istom ure\u0111aju, kola\u010di\u0107, a time i informacije koje su u njemu sa\u010duvane, \u0161alju se nazad stranici koja ga je kreirala (First Party Cookie) ili drugoj stranici kojoj pripada (Third Party Cookie). Na taj na\u010din, stranica prepoznaje da je na tom ure\u0111aju i u tom pregledniku ve\u0107 bila otvorena, ponekad prikazuju\u0107i druga\u010diji sadr\u017eaj nego prilikom prvog posjete.<\/p>\n\n\n\n<p>Napominjemo da ova tehnologija nema veze sa stranicom <a href=\"https:\/\/banjaluka.life\/sr\/\">banjaluka.life<\/a> Ona predstavlja platformu koja poma\u017ee kako korisnicima, tako i <a href=\"https:\/\/banjaluka.life\/sr\/\">banjaluka.life<\/a>, ali <a href=\"https:\/\/banjaluka.life\/sr\/\">banjaluka.life<\/a> nije autor kola\u010di\u0107a, niti odgovara za ovu platformu.<\/p>\n\n\n\n<p>Ve\u0107i dio kola\u010di\u0107a koje koristimo automatski se bri\u0161e sa ure\u0111aja na\u0161ih korisnika nakon zavr\u0161etka pregledanja u pregledniku (\u201eSession-Cookies\u201c).<\/p>\n\n\n\n<p>Pored toga, koristimo i kola\u010di\u0107e koji ostaju na ure\u0111aju korisnika i nakon prekida sesije. Naj\u010de\u0161\u0107i razlog za to je pobolj\u0161anje korisni\u010dkog iskustva i prilago\u0111avanje prikaza stranice korisni\u010dkim potrebama, \u010dime se optimizuje vrijeme u\u010ditavanja stranice. Ovi podaci se ne mogu povezati sa pojedina\u010dnim korisnikom, jer se prikupljaju isklju\u010divo anonimno.<\/p>\n\n\n\n<p>Prilikom otvaranja na\u0161ih stranica, podaci koji se obra\u0111uju putem kola\u010di\u0107a obuhvataju:<\/p>\n\n\n\n<ul class=\"wp-block-list\">\n<li>Anonimiziranu IP adresu ure\u0111aja koji \u0161alje zahtjev<\/li>\n\n\n\n<li>Datum i vrijeme u\u010ditavanja ili zahtjeva<\/li>\n\n\n\n<li>Naziv u\u010ditane stranice ili datoteke<\/li>\n\n\n\n<li>ID sesije<\/li>\n\n\n\n<li>Referrer-URL (poveznica na stranicu sa koje je u\u010ditana ova stranica)<\/li>\n\n\n\n<li>Koli\u010dina prenesenih podataka<\/li>\n\n\n\n<li>Web preglednici koje je korisnik koristio, uklju\u010duju\u0107i verziju web preglednika<\/li>\n\n\n\n<li>Operativni sistem koji je korisnik koristio<\/li>\n<\/ul>\n\n\n\n<p>Tre\u0107e strane mogu postavljati kola\u010di\u0107e tokom kori\u0161\u0107enja na\u0161ih stranica, a informacije o tome mo\u017eete prona\u0107i posjetom stranicama tre\u0107ih strana.<\/p>\n\n\n\n<p>Sara\u0111ujemo sa raznim analiti\u010dkim partnerima kako bismo bolje razumjeli na\u010din kori\u0161\u0107enja na\u0161e platforme. Ovim partnerima dozvoljavamo kori\u0161\u0107enje kola\u010di\u0107a, SDK-ova i drugih srodnih tehnologija za analizu podataka, uklju\u010duju\u0107i Google Analytics i Dotmetrics (Ipsos).<\/p>\n\n\n\n<p>Koristimo i reklamne mre\u017ee koje mogu koristiti ciljane i reklamne kola\u010di\u0107e za postavljanje oglasa koji \u0107e biti od interesa za vas, uklju\u010duju\u0107i Adx.<\/p>\n\n\n\n<p>Postavke kola\u010di\u0107a mogu se kontrolisati putem pode\u0161avanja internet preglednika, gdje korisnici mogu izabrati da li \u017eele prihvatiti ili potpuno odbiti kola\u010di\u0107e. Va\u017eno je napomenuti da bez kori\u0161\u0107enja kola\u010di\u0107a pojedini djelovi stranica mogu funkcionisati ograni\u010deno ili uop\u0161te ne\u0107e biti dostupni.<\/p>\n\n\n\n<p>Za uputstva o upravljanju kola\u010di\u0107ima prema vrsti internet preglednika, predla\u017eemo posjetiti slede\u0107e linkove:<br>Internet Explorer: <a href=\"https:\/\/support.microsoft.com\/en-us\/windows\/delete-and-manage-cookies-168dab11-0753-043d-7c16-ede5947fc64d\">link<\/a><br>Firefox: <a href=\"https:\/\/support.mozilla.org\/en-US\/kb\/enhanced-tracking-protection-firefox-desktop?redirectslug=enable-and-disable-cookies-website-preferences&amp;redirectlocale=en-US\">link<\/a><br>Google Chrome: <a href=\"https:\/\/support.google.com\/chrome\/answer\/95647?hl=en\">link<\/a><br>Safari: <a href=\"https:\/\/support.apple.com\/sr-rs\/guide\/safari\/sfri11471\/mac\">link<\/a><\/p>\n\n\n\n<p>Neophodni kola\u010di\u0107i omogu\u0107avaju pretra\u017eivanje internetske stranice i kori\u0161\u0107enje njenih osnovnih funkcija.<\/p>\n\n\n\n<p>Kola\u010di\u0107i u\u010dinkovitosti prikupljaju anonimne informacije o stranicama koje pose\u0107ujete, poma\u017eu\u0107i nam razumjeti koje ponude su najpopularnije i \u0161ta korisnike najvi\u0161e interesuje.<\/p>\n\n\n\n<p>Funkcionalni kola\u010di\u0107i pamte va\u0161e odabire i unapre\u0111uju va\u0161e slijede\u0107e posjete stranici.<\/p>\n\n\n\n<p>Ogla\u0161iva\u010dki kola\u010di\u0107i omogu\u0107avaju dijeljenje i slanje informacija drugim internet stranicama koje bi mogle biti va\u017ene za vas.<\/p>\n\n\n\n<p>Kola\u010di\u0107ima smje\u0161tenim na ra\u010dunaru korisnika mo\u017eemo pristupiti kada korisnik posjeti <a href=\"https:\/\/banjaluka.life\/sr\/\">banjaluka.life<\/a>.<\/p>\n\n\n\n<h2 class=\"wp-block-heading\">Implementacija dodataka za dru\u0161tvene mre\u017ee (Social Plugins) - Facebook<\/h2>\n\n\n\n<p>Izuzetno je va\u017eno obavjestiti sve na\u0161e korisnike o na\u010dinu deljenja podataka putem dru\u0161tvene mre\u017ee Facebook.<\/p>\n\n\n\n<p>Kao i ve\u0107ina dana\u0161njih internetskih stranica, <a href=\"https:\/\/banjaluka.life\/sr\/\">banjaluka.life<\/a> ima svoju stranicu na Facebooku.<\/p>\n\n\n\n<p>Na stranici <a href=\"https:\/\/banjaluka.life\/sr\/\">banjaluka.life<\/a> tako\u0111e se koriste dodaci Facebook-a, koje korisnici mogu koristiti opcijom \"Svi\u0111a mi se\" (eng. \"like\"). Ova opcija predstavlja ponudu ameri\u010dke kompanije Facebook Inc. (1601S. California Ave., Palo Alto, CA 94304, SAD).<\/p>\n\n\n\n<p>Va\u017eno je napomenuti da, posjetom stranice <a href=\"https:\/\/banjaluka.life\/sr\/\">banjaluka.life<\/a> korisnici se ne dovode automatski u vezu s ovom kompanijom. To se de\u0161ava tek nakon \u0161to korisnik da svoju izri\u010ditu saglasnost, koja \u0107e mu biti zatra\u017eena nakon \u0161to klikne na odgovaraju\u0107e polje.<\/p>\n\n\n\n<p>Svrha i opseg prikupljanja, daljnja obrada i kori\u0161\u0107enje podataka koje koristi Facebook, kao i povezana prava i mogu\u0107nosti postavki za\u0161tite privatnosti, mogu se prona\u0107i u politici privatnosti Facebook-a na njihovim stranicama: <a href=\"http:\/\/www.facebook.com\/policy.php\" target=\"_blank\" rel=\"noreferrer noopener\">http:\/\/www.facebook.com\/policy.php<\/a>.<\/p>\n\n\n\n<p>Ukoliko neki korisnik ne \u017eeli da Facebook pove\u017ee podatke prikupljene preko na\u0161e web stranice s njegovim Facebook nalogom, molimo korisnike da se odjave sa Facebook-a prije kori\u0161\u0107enja na\u0161e stranice.<\/p>\n\n\n\n<p>U\u010ditavanje dodataka Facebook-a mo\u017ee se sprije\u010diti i uz pomo\u0107 dodataka (Add-On) za odre\u0111eni internet preglednik, na primjer, pomo\u0107u \"Facebook Blocker\"<\/p>\n\n\n\n<p>Posebno \u017eelimo ista\u0107i da nikada ne proslje\u0111ujemo li\u010dne podatke na\u0161ih korisnika Facebook-u. Korisnici sami odabirom opcije \"like\" na stranici <a href=\"https:\/\/banjaluka.life\/sr\/\">banjaluka.life<\/a> na Facebook-u daju saglasnost Facebook-u da obra\u0111uje njihove podatke. To je ne\u0161to s \u010dim <a href=\"https:\/\/banjaluka.life\/sr\/\">banjaluka.life<\/a> nema nikakve veze, niti na to mo\u017ee uticati.<\/p>\n\n\n\n<h2 class=\"wp-block-heading\">Zaklju\u010dak<\/h2>\n\n\n\n<p>Na kraju ovog obave\u0161tenja \u017eelimo jo\u0161 jednom naglasiti da svi korisnici unose podatke dobrovoljno, imaju pravo da ih sami obri\u0161u ili da od nas zatra\u017ee da to u\u010dinimo, i mogu biti sigurni da ne obra\u0111ujemo njihove podatke radi ostvarivanja dobiti.<\/p>\n\n\n\n<p>Nadamo se da su ova tri osnovna pravila dovoljna za uspje\u0161nu i dugotrajnu saradnju, te da \u0107e vam omogu\u0107iti prijatno pretra\u017eivanje sadr\u017eaja na <a href=\"https:\/\/banjaluka.life\/sr\/\">banjaluka.life<\/a>.<\/p>","protected":false},"excerpt":{"rendered":"<p>Data Privacy Protecting the privacy of our users when using the website www.banjaluka.life is of utmost importance to banjaluka.life. Banjaluka.life considers all users as partners with whom it collaborates in accordance with good business practices and fully respects domestic and foreign legislation. This partnership may involve the use of users&#8217; personal data. Through this Privacy [&hellip;]<\/p>\n","protected":false},"author":1,"featured_media":0,"parent":0,"menu_order":0,"comment_status":"closed","ping_status":"open","template":"","meta":{"footnotes":""},"class_list":["post-3","page","type-page","status-publish","hentry"],"_links":{"self":[{"href":"https:\/\/banjaluka.life\/sr\/wp-json\/wp\/v2\/pages\/3","targetHints":{"allow":["GET"]}}],"collection":[{"href":"https:\/\/banjaluka.life\/sr\/wp-json\/wp\/v2\/pages"}],"about":[{"href":"https:\/\/banjaluka.life\/sr\/wp-json\/wp\/v2\/types\/page"}],"author":[{"embeddable":true,"href":"https:\/\/banjaluka.life\/sr\/wp-json\/wp\/v2\/users\/1"}],"replies":[{"embeddable":true,"href":"https:\/\/banjaluka.life\/sr\/wp-json\/wp\/v2\/comments?post=3"}],"version-history":[{"count":2,"href":"https:\/\/banjaluka.life\/sr\/wp-json\/wp\/v2\/pages\/3\/revisions"}],"predecessor-version":[{"id":1281,"href":"https:\/\/banjaluka.life\/sr\/wp-json\/wp\/v2\/pages\/3\/revisions\/1281"}],"wp:attachment":[{"href":"https:\/\/banjaluka.life\/sr\/wp-json\/wp\/v2\/media?parent=3"}],"curies":[{"name":"wp","href":"https:\/\/api.w.org\/{rel}","templated":true}]}}