{"id":693,"date":"2023-11-27T21:50:49","date_gmt":"2023-11-27T19:50:49","guid":{"rendered":"https:\/\/banjaluka.life\/?page_id=693"},"modified":"2023-12-26T14:56:09","modified_gmt":"2023-12-26T12:56:09","slug":"disclaimer","status":"publish","type":"page","link":"https:\/\/banjaluka.life\/sr\/disclaimer\/","title":{"rendered":"Sigurnost"},"content":{"rendered":"<h2 class=\"wp-block-heading\">Amaterski<\/h2>\n\n\n\n<p>Vi ste promoter i vlasnik informacija koje djelite na ovoj platformi, te kao takvi snosite odgovornost za podatke koji su navedeni na va\u0161em profilu, oglasima koje ste objavili i za komunikaciju koja se odvija putem va\u0161eg profila. Kao posjetilac ili korisnik, obavezni ste pro\u010ditati navedeni Pravilnik, pri \u010demu se va\u0161e kori\u0161\u0107enje stranica banjaluka.life smatra potpunim prihvatanjem tih pravila. Molimo vas da banjaluka.life ne koristite na na\u010din na koji neko mo\u017ee biti povre\u0111en ili materijalno o\u0161te\u0107en, jer to ni vama ni nama ne ide u prilog.<\/p>\n\n\n\n<p>Vi imate pravo na kori\u0161\u0107enje sadr\u017eaja i usluga banjaluka.life, jednako kao i sve druge osobe, kompanije i promoteri. Molimo da po\u0161tujete pravo na slobodu tr\u017ei\u0161ta i konkurencije.\nUkoliko smatrate da banjaluka.life treba neke izmjene ili dopune Pravilnika, kontaktirajte nas.<\/p>\n\n\n\n<h2 class=\"wp-block-heading\">Pravni Jezik<\/h2>\n\n\n\n<h3 class=\"wp-block-heading\">I - Uvod<\/h3>\n\n\n\n<p>Tokom upotrebe banjaluka.life, primjenjuju se navedeni uslovi kori\u0161\u0107enja, kao i svi va\u017ee\u0107i i primjenljivi zakoni u Bosni i Hercegovini. banjaluka.life zadr\u017eava pravo izmjene sadr\u017eaja Pravilnika u bilo kojem trenutku i bez prethodne najave. Promjene stupaju na snagu trenutkom objave na stranicama ovog veb sajta i obuhvataju sve dosada\u0161nje i budu\u0107e korisnike. banjaluka.life nije obavezan slati individualna obavje\u0161tenja o izmjenama Pravila svakom korisniku, stoga preporu\u010dujemo redovno pra\u0107enje ove sekcije na banjaluka.life.<\/p>\n\n\n\n<h3 class=\"wp-block-heading\">II -  Opis usluge<\/h3>\n\n\n\n<p>Radi boljeg razumjevanja usluga koje banjaluka.life pru\u017ea, korisnicima i posjetiocima veb sajta, kao i svim tre\u0107im licima, nudi se detaljno obja\u0161njenje usluga uklju\u010duju\u0107i:<br>Veb sajt banjaluka.life treba shvatiti kao virtuelni oglasni prostor u isklju\u010divom vlasni\u0161tvu izdavaoca banjaluka.life, na kojem banjaluka.life omogu\u0107ava korisnicima da u odgovaraju\u0107im oglasnim prostorima, u svoje ime i za svoj ra\u010dun, nude prodaju, iznajmljivanje, pru\u017eanje usluga i\/ili tra\u017ee usluge i\/ili proizvode. Va\u017eno je napomenuti da su svi korisnici sami odgovorni za istinitost, ta\u010dnost, vjerodostojnost i zakonitost svih informacija u objavljenim oglasima.<br>Sve objave, oglasi, poruke, tekstovi, prikazi, fotografije i drugi materijali na veb sajtu su isklju\u010diva odgovornost registrovanog korisnika iz \u010dijeg oglasa ti podaci poti\u010du.<br>Korisnicima banjaluka.life se mo\u017ee ponuditi usluga objavljivanja oglasa uz naknadu ili bez nje, pri \u010demu se najvi\u0161e misli na promociju i sponzorstvo oglasa prema njihovom polo\u017eaju na virtuelnom oglasnom prostoru. Ovo se, me\u0111utim, ne smatra, niti mo\u017ee smatrati, kao da banjaluka.life na bilo koji na\u010din u\u010destvuje u trgovini ili da ogla\u0161iva\u010d sti\u010de vlasni\u010dka prava nad bilo kojim dijelom virtuelnog prostora.<\/p>\n\n\n\n<p class=\"translation-block\">Na\u010din i uslovi sponzorstva \u0107e biti precizno definisani u paketima ogla\u0161avanja, gdje \u0107e biti jasno navedeni na\u010din, cijena i uslovi promocije i sponzorstva oglasa.\nPromocija i sponzorstvo oglasa ne podrazumjevaju da je banjaluka.life na bilo koji na\u010din prepustila ogla\u0161iva\u010dima pravo uticaja na ure\u0111enje i izgled stranice, uklju\u010duju\u0107i tehni\u010dki izgled stranice i pravo da sponzori postavljaju zahtjeve za ure\u0111ivanjem sadr\u017eaja koji \u0107e biti objavljen na svakoj pojedina\u010dnoj stranici ogla\u0161iva\u010da.\nbanjaluka.life je vlasnik virtuelnog prostora www.banjaluka.life i samostalno odlu\u010duje o na\u010dinu ogla\u0161avanja svakog pojedina\u010dnog korisnika, uklju\u010duju\u0107i mogu\u0107nost pojavljivanja razli\u010ditih oglasa na jednoj stranici, u skladu sa razli\u010ditim paketima ogla\u0161avanja i zvani\u010dnim cjenovnikom.\nOvim putem obavje\u0161tavamo korisnike, posjetioce i sva tre\u0107a lica da banjaluka.life, kao i njen izdava\u010d, ne nude prodaju, zamjenu i\/ili iznajmljivanje ili uslugu iz oglasa koji su objavljeni na veb sajtu, ve\u0107 to \u010dine isklju\u010divo i samo registrovani korisnici veb sajta banjaluka.life.<\/p>\n\n\n\n<h3 class=\"wp-block-heading\">III - Kori\u0161\u0107enje i za\u0161tita podataka<\/h3>\n\n\n\n<p class=\"translation-block\">Prilikom kori\u0161\u0107enja stranice banjaluka.life, obavezujete se da koristite ta\u010dne i precizne podatke u vezi sa svojim profilom, objavljenim oglasima ili bilo kojim drugim dijelom stranice. banjaluka.life preduzima sve neophodne korake kako bi za\u0161titio privatnost li\u010dnih podataka (ime i prezime, e-mail, broj telefona, itd.) registrovanih korisnika u skladu sa Zakonom o za\u0161titi li\u010dnih podataka. Ti podaci \u0107e se koristiti isklju\u010divo u svrhu povezivanja kupaca i prodavaca, kao i me\u0111usobne komunikacije \u010dlanova.\nRadi ogla\u0161avanja na veb sajtu banjaluka.life, korisnik se obavezuje da se registruje, pri \u010demu je du\u017ean unjeti svoje li\u010dne podatke i podatke za kontakt. Korisnik je odgovoran i garantuje za ta\u010dnost i istinitost unjetih podataka.\nSvaki korisnik, registracijom na banjaluka.life, daje saglasnost na ova pravila i uslove kori\u0161\u0107enja, izri\u010dito i neopozivo izjavljuju\u0107i da pristaje na unos svojih li\u010dnih podataka u zbirku li\u010dnih podataka koju vodi izdava\u010d banjaluka.life. Tako\u0111e, korisnik odobrava obradu svojih li\u010dnih podataka u svrhu funkcionisanja sistema slanja elektronske po\u0161te. banjaluka.life se obavezuje da \u0107e koristiti dostavljene li\u010dne podatke isklju\u010divo u svrhe za koje su prikupljeni.\nbanjaluka.life garantuje da ne\u0107e dijeliti podatke korisnika sa tre\u0107im licima, osim u slu\u010dajevima predvi\u0111enim va\u017ee\u0107im zakonima Bosne i Hercegovine i ratifikovanim me\u0111unarodnim aktima.\nbanjaluka.life tako\u0111e garantuje da ne\u0107e koristiti podatke korisnika u komercijalne svrhe, ve\u0107 isklju\u010divo u cilju unapre\u0111enja funkcionisanja stranice i pobolj\u0161anja korisni\u010dkog iskustva.\nPrema Zakonu o za\u0161titi li\u010dnih podataka, prikupljeni li\u010dni podaci tokom procesa registracije \u010duvaju se u zbirci li\u010dnih podataka koju vodi banjaluka.life, izdava\u010d stranice, koji se obavezuje na \u010duvanje privatnosti korisnika i obezbje\u0111ivanje sigurnosti njihovih podataka. banjaluka.life je ovla\u0161\u0107en da proslijedi li\u010dne podatke korisnika tre\u0107im licima samo ukoliko postoji zahtjev i\/ili nalog nadle\u017enog organa, ili ako je takvo proslje\u0111ivanje propisano zakonom i\/ili zahtjevano od strane vlasnika podataka.\nSvaki korisnik ili \u010dlan banjaluka.life ima pravo da podnese zahtjev za brisanje svojih li\u010dnih podataka odmah nakon podno\u0161enja zahtjeva. Tako\u0111e, korisnik ima pravo da zatra\u017ei od banjaluka.life informacije o tome koje li\u010dne podatke posjeduje o njemu.\nbanjaluka.life ne preuzima odgovornost ako korisnik sam otkrije svoje podatke tre\u0107im licima davanjem korisni\u010dkog imena i \u0161ifre, ili na drugi na\u010din stavi ove podatke na raspolaganje drugima.\nKori\u0161\u0107enjem banjaluka.life, saglasni ste da informacije (osim li\u010dnih podataka korisnika) koje ste pru\u017eili budu dostupne svima koji su zainteresovani, u skladu sa ovim pravilima. Ogla\u0161iva\u010d pristaje na to da banjaluka.life mo\u017ee koristiti njegovu e-mail adresu ili broj telefona u svrhu slanja obavje\u0161tenja o statusu objavljenog oglasa, dostave ra\u010duna za kori\u0161\u0107enje dodatnih usluga, kao i za slanje drugih obavje\u0161tenja vezanih za oglas koji je postavljen ili samu uslugu ogla\u0161avanja. Kori\u0161\u0107enjem banjaluka.life, saglasni ste da mo\u017eete primati promotivna obavje\u0161tenja putem e-maila, SMS-a i\/ili drugih sredstava komunikacije navedenih u va\u0161em ogla\u0161iva\u010dkom nalogu.<\/p>\n\n\n\n<h3 class=\"wp-block-heading\">IV -  Za\u0161tita autorskih prava<\/h3>\n\n\n\n<p class=\"translation-block\">Informacije na banjaluka.life su zakonom za\u0161ti\u0107ene kao intelektualna svojina u skladu sa Zakonom o autorskom pravu i srodnim pravima u Bosni i Hercegovini. Autorska prava koja obuhvataju tekstove, njihovu prezentaciju, grafi\u010dke elemente i druge vizuelne prikaze pripadaju banjaluka.life, uz dozvolu pru\u017eaoca usluge i\/ili ogla\u0161iva\u010da.\nU skladu sa prethodnim, dizajn veb stranice, kori\u0161\u0107eni za\u0161titni znaci banjaluka.life, kao i svi ostali tekstovi i citati na veb sajtu www.banjaluka.life predstavljaju rezultat kreativnog stvarala\u0161tva izdavaoca banjaluka.life. Svako neovla\u0161\u0107eno kopiranje, upotreba ili bilo koji drugi oblik reprodukcije istog ili sli\u010dnog dizajna, tekstova, za\u0161titnih znakova i sli\u010dno, smatra\u0107e se povredom prava intelektualne svojine i autorskih prava.\nIstaknuti stav se ne odnosi na tekstove pojedina\u010dnih oglasa, gdje banjaluka.life, va\u017eno je napomenuti, ne odra\u017eava njihove tvrdnje i ne pru\u017ea garanciju u vezi sa ta\u010dno\u0161\u0107u, potpunosti, zakonito\u0161\u0107u i\/ili autenti\u010dno\u0161\u0107u takvog sadr\u017eaja. banjaluka.life se osloba\u0111a odgovornosti i\/ili u\u010de\u0161\u0107a u eventualnim sporovima u vezi s povredom i za\u0161titom autorskih prava ogla\u0161iva\u010da na banjaluka.life.\nPodaci se mogu koristiti isklju\u010divo u skladu s uslovima ovog Pravilnika. Kori\u0161\u0107enjem podataka u druge svrhe, kao i kopiranjem, prepisom, distribucijom podataka bez odobrenja, postupate suprotno Zakonu o autorskom pravu i srodnim pravima u Bosni i Hercegovini, \u010dime podlije\u017eete odgovaraju\u0107im sankcijama.<\/p>\n\n\n\n<h3 class=\"wp-block-heading\">V -  Isklju\u010denje iz upotrebe, naknada \u0161tete<\/h3>\n\n\n\n<p>banjaluka.life zadr\u017eava pravo da isklju\u010di iz daljeg kori\u0161\u0107enja ili sankcioni\u0161e svakog korisnika koji na bilo koji na\u010din kr\u0161i Pravila i Uslove kori\u0161\u0107enja. banjaluka.life mo\u017ee odlu\u010diti da odre\u0111eni korisnik nije prikladan za kori\u0161\u0107enje platforme, bez obaveze davanja obrazlo\u017eenja korisniku. Tako\u0111e, Banjaluka.life zadr\u017eava pravo isklju\u010denja korisnika koji ometaju rad platforme ili na bilo koji na\u010din naru\u0161avaju prava ogla\u0161iva\u010da i korisnika. banjaluka.life zadr\u017eava pravo isklju\u010denja korisnika koji zloupotrebljavaju objavljene podatke ili neovla\u0161teno koriste platformu, naro\u010dito u slijede\u0107im situacijama:<\/p>\n\n\n\n<ul class=\"wp-block-list\">\n<li>Kopiranje sadr\u017eaja objavljenog na banjaluka.life i objava na drugim mjestima za ogla\u0161avanje.<\/li>\n\n\n\n<li>Lobiranje ogla\u0161iva\u010da na banjaluka.life da oglase svoje proizvode ili usluge na sli\u010dnim platformama ili drugim medijima, uz kontaktiranje ogla\u0161iva\u010da i nu\u0111enje konkurentske usluge.<\/li>\n\n\n\n<li>Kreiranje ili kori\u0161\u0107enje duplih profila, osim u slu\u010dajevima odobrenim od strane banjaluka.life administracije.<\/li>\n\n\n\n<li>Predstavljanje na drugim internet stranicama pod imenom banjaluka.life, uklju\u010duju\u0107i sve kombinacije koje ukazuju na kori\u0161\u0107enje istog imena.<\/li>\n\n\n\n<li>Direktno ili indirektno pozivanje drugih ogla\u0161iva\u010da na komunikaciju putem e-maila, drugih internet stranica ili drugih sredstava komunikacije.<\/li>\n\n\n\n<li>Vi\u0161estruko slanje istih ili sli\u010dnih poruka ili javnih pitanja istim ili razli\u010ditim ogla\u0161iva\u010dima.<\/li>\n\n\n\n<li>Zaobila\u017eenje ograni\u010denja u besplatnom objavljivanju i obnavljanju oglasa u definisanom periodu.<\/li>\n\n\n\n<li>Brisanje ili zavr\u0161avanje oglasa, te ponovno objavljivanje oglasa istog ili sli\u010dnog sadr\u017eaja zloupotrebom sistema.<\/li>\n\n\n\n<li>Izazivanje \u0161irenja rasne, nacionalne ili vjerske mr\u017enje.<\/li>\n\n\n\n<li>Neprikladan na\u010din komunikacije.<\/li>\n\n\n\n<li>Predstavljanje ili objava oglasa pod la\u017enim, nepostoje\u0107im, tu\u0111im i\/ili neta\u010dnim podacima, naro\u010dito u vezi sa podacima o lokaciji, IP adresama, brojevima telefona i e-mail adresama.<\/li>\n\n\n\n<li>Neovla\u0161teno predstavljanje u ime banjaluka.life administracije i njenih zaposlenika.<\/li>\n\n\n\n<li>Nepo\u0161tovanje drugih obavje\u0161tenja, pravila, upozorenja i ograni\u010denja navedenih na stranicama banjaluka.life.<br>banjaluka.life mo\u017ee, uz isklju\u010denje takvog korisnika, zahtjevati naknadu za nastalu \u0161tetu ili izgubljenu dobit.<\/li>\n<\/ul>\n\n\n\n<h3 class=\"wp-block-heading\">VI -  Garancija<\/h3>\n\n\n\n<p>Banjaluka.life ne garantuje:<\/p>\n\n\n\n<ul class=\"wp-block-list\">\n<li>Ta\u010dnost, potpunost i\/ili istinitost oglasa ili teksta u njima, kao ni kvalitet, sigurnost i legalnost ponu\u0111enih proizvoda i usluga.<\/li>\n\n\n\n<li>Nadle\u017enost druge strane u zaklju\u010divanju ugovora, ispravnost, potpunost i ta\u010dnost li\u010dnih podataka ogla\u0161iva\u010da.<\/li>\n\n\n\n<li>Da na stranicama ne\u0107e biti gre\u0161aka i\/ili da \u0107e funkcionisati bez prekida u svakom trenutku.<\/li>\n\n\n\n<li>Da \u0107e tre\u0107a strana legalno koristiti stranice banjaluka.life svo vrijeme.<br><\/li>\n<\/ul>\n\n\n\n<h3 class=\"wp-block-heading\">VII -  Odgovornost<\/h3>\n\n\n\n<p>banjaluka.life, do maksimalne zakonom dopu\u0161tene odgovornosti, osloba\u0111a se odgovornosti za bilo kakvu \u0161tetu, gubitak ili povredu koja mo\u017ee nastati direktno ili posredno usljed:<\/p>\n\n\n\n<ul class=\"wp-block-list\">\n<li>Kori\u0161\u0107enja stranice banjaluka.life.<\/li>\n\n\n\n<li>Kori\u0161\u0107enja stranica na koje vode linkovi sa stranice banjaluka.life.<\/li>\n\n\n\n<li>Informacija na stranici banjaluka.life.<\/li>\n\n\n\n<li>Postupaka koji su poduzeti ili nisu poduzeti u vezi s informacijama na stranici banjaluka.life.<\/li>\n\n\n\n<li>Postupaka korisnika banjaluka.life.<\/li>\n\n\n\n<li>Upotrebe, nemogu\u0107nosti upotrebe ili zloupotrebe bilo koje od gore navedenih stranica.<\/li>\n\n\n\n<li>Kori\u0161\u0107enja drugih internet stranica na kojima je sadr\u017eaj neovla\u0161teno predstavljen u ime banjaluka.life.<\/li>\n\n\n\n<li>Kori\u0161\u0107enja stranica koje nisu pod domenom www.banjaluka.life, a gde je sadr\u017eaj neovla\u0161teno predstavljen u ime banjaluka.life, kopiranjem stranice www.banjaluka.life vizuelno ili u bilo kojem drugom smislu.<\/li>\n<\/ul>\n\n\n\n<p>banjaluka.life ne mo\u017ee snositi odgovornost za bilo koji sadr\u017eaj prikazan na stranicama tre\u0107ih osoba na koje mo\u017ee dopustiti povremen pristup. Bilo kakav pristup ne mo\u017ee se tuma\u010diti kao predstavljanje veze s banjaluka.life ili podr\u0161ke takvim stranicama. banjaluka.life mo\u017ee sadr\u017eavati linkove prema drugim stranicama, ali ne odgovara za usluge ili proizvode do kojih se do\u0161lo pomo\u0107u banjaluka.life. banjaluka.life povremeno mo\u017ee biti nedostupan radi tehni\u010dkih pote\u0161ko\u0107a i nije odgovoran za pravne postupke ili pritu\u017ebe protiv ogla\u0161iva\u010da zbog povrede autorskih prava ili prava intelektualnog vlasni\u0161tva, s obzirom da banjaluka.life nije autor takvog oglasa, niti ponu\u0111a\u010d, niti distributer ponu\u0111enog oglasa ili usluge.<\/p>\n\n\n\n<h3 class=\"wp-block-heading\">VIII -  Oglas<\/h3>\n\n\n\n<p>Prilikom predavanja oglasa na banjaluka.life, ogla\u0161iva\u010d dodjeljuje banjaluka.life pravo da oda\u0161ilje informacije koje se odnose na proizvod. Strogo je zabranjeno predavanje oglasa na banjaluka.life na bilo koji drugi na\u010din osim onog koji je istaknut od strane banjaluka.life. banjaluka.life ula\u017ee sve napore kako bi korisnicima ponudio kvalitetnu uslugu i zadr\u017eava pravo da ure\u0111uje, izmenjuje, obri\u0161e ili ne objavi oglase koji (bez odgovornosti i obrazlo\u017eenja prema ogla\u0161iva\u010du) nisu prikladni za banjaluka.life, posebno u slu\u010dajevima:<\/p>\n\n\n\n<ul class=\"wp-block-list\">\n<li>Kada je oglas predat u pogre\u0161nu kategoriju.<\/li>\n\n\n\n<li>Kada se radi o duplom oglasu.<\/li>\n\n\n\n<li>Kada su proizvod, opis ili cijena u oglasu neispravni ili nepotpuni.<\/li>\n\n\n\n<li>Kada proizvod ili opis u oglasu sugeri\u0161e na sli\u010dnost s autenti\u010dnim proizvodom, naro\u010dito ako koristi izraze poput \"replika\" ili \"imitacija\".<\/li>\n\n\n\n<li>Kada proizvod kr\u0161i autorska prava ili druga prava intelektualnog vlasni\u0161tva.<\/li>\n\n\n\n<li>Kada proizvod mo\u017ee uzrokovati \u0161tetu ili kr\u0161i prava intelektualnog vlasni\u0161tva nekog drugog.<\/li>\n\n\n\n<li>Kada oglas sadr\u017ei diskriminiraju\u0107e aspekte ili nedozvoljene materijale prema zakonima Bosne i Hercegovine.<\/li>\n\n\n\n<li>Kada jedan oglas sadr\u017ei vi\u0161e proizvoda ili usluga.<\/li>\n\n\n\n<li>Kada je oglas ve\u0107 prodan, rezervisan ili zavr\u0161ena kupoprodaja.<\/li>\n<\/ul>\n\n\n\n<p>Ogla\u0161iva\u010d se sla\u017ee:<\/p>\n\n\n\n<ul class=\"wp-block-list\">\n<li>Da objavom oglasa na banjaluka.life postaje ponu\u0111a\u010d proizvoda.<\/li>\n\n\n\n<li>Da banjaluka.life ne garantuje ispunjenje ugovora po prihva\u0107enoj ponudi oglasa.<\/li>\n\n\n\n<li>Da snosi odgovornost za ta\u010dnost i istinitost podataka i navoda iz opisa proizvoda ili usluge.<\/li>\n\n\n\n<li>Da \u0107e banjaluka.life izbrisati neva\u017ee\u0107e oglase u roku od 48 sati.<\/li>\n\n\n\n<li>Da ne\u0107e koristiti banjaluka.life za kr\u0161enje autorskih prava, za\u0161titnog znaka ili drugih prava.<\/li>\n\n\n\n<li>Da svi podaci postaju vlasni\u0161tvo banjaluka.life nakon transfera.<\/li>\n\n\n\n<li>Da banjaluka.life ne odgovara za gre\u0161ke u automatskoj ili ru\u010dnoj obradi podataka.<\/li>\n\n\n\n<li>Da banjaluka.life ne u\u010destvuje u transakcijama izme\u0111u korisnika, osim u pru\u017eanju usluge kori\u0161\u0107enja platforme za trgovinu.<\/li>\n\n\n\n<li>Da banjaluka.life mo\u017ee izbrisati podatke o neva\u017ee\u0107em oglasu prema diskrecionoj ocjeni.<\/li>\n<\/ul>\n\n\n\n<p>Pona\u0161anje suprotno ovim stavkama smatra se kr\u0161enjem Uslova kori\u0161\u0107enja banjaluka.life, te banjaluka.life zadr\u017eava pravo da upozori, isklju\u010di ili sankcioni\u0161e ogla\u0161iva\u010da ili korisnika bez prethodne obavje\u0161tenja i obrazlo\u017eenja. Korisnici banjaluka.life prihvataju da se svi kontakti odvijaju na njihov rizik i da banjaluka.life nema odgovornost za \u0161tetne posledice korisni\u010dkog djelovanja. banjaluka.life ne prihvata odgovornost niti garantuje za bilo koji oglas prikazan ili prodan na platformi, uklju\u010duju\u0107i vlasni\u0161tvo, ta\u010dnost i realizaciju transakcije.<\/p>\n\n\n\n<h3 class=\"wp-block-heading\">XIX -  Prigovori tre\u0107ih lica<\/h3>\n\n\n\n<p>\u017delimo obavjestiti tre\u0107a lica, korisnike i posjetioce da web sajt banjaluka.life, u skladu sa prethodnim uslovima i obrazlo\u017eenjima, kao i u skladu sa odredbama \u010dlana 23. Zakona o elektronskom i pravnom poslovanju (slu\u017ebeni glasnik BiH br. 88\/2007), ne snosi odgovornost za informacije koje unesu korisnici ovog web sajta. Informacije koje korisnici unose su dostupne putem banjaluka.life, pri \u010demu banjaluka.life obezbje\u0111uje samo pristup tim informacijama.<\/p>\n\n\n\n<p>Obavje\u0161tavamo tre\u0107a lica, korisnike i posjetioce web sajta banjaluka.life da je prema odredbama \u010dlanova 25-27 Zakona o elektronskom pravnom i poslovnom poslovanju, banjaluka.life oslobo\u0111en odgovornosti za pretragu sadr\u017eaja na virtuelnom oglasniku, privremeno skladi\u0161tenje - ke\u0161iranje, skladi\u0161tenje stranog sadr\u017eaja - hosting po zahtjevu korisnika, kao i za omogu\u0107avanje pristupa informacijama tre\u0107ih lica - povezivanje (linking).<\/p>\n\n\n\n<p>Tako\u0111e obavje\u0161tavamo tre\u0107a lica da se u skladu sa smislom usluge banjaluka.life, svi eventualni sporovi proiza\u0161li iz odnosa izme\u0111u korisnika i ogla\u0161iva\u010da, odnosno svakog tre\u0107eg lica, rje\u0161avaju isklju\u010divo izme\u0111u ogla\u0161iva\u010da i korisnika. banjaluka.life ne preuzima odgovornost za bilo kakvu \u0161tetu prema tre\u0107im licima, korisnicima i\/ili ogla\u0161iva\u010dima koja proizilazi iz takvog odnosa.<\/p>\n\n\n\n<p>Sva eventualna potra\u017eivanja tre\u0107ih lica mogu se dostaviti na adresu: <a href=\"mailto:info@banjaluka.life\">info@banjaluka.life<\/a>, a banjaluka.life se obavezuje da \u0107e u \u0161to kra\u0107em roku odgovoriti na svaki pojedina\u010dni podnjeti zahtjev.<\/p>\n\n\n\n<p>Korisnike, ogla\u0161iva\u010de, kao i tre\u0107a lica, obavje\u0161tavamo da banjaluka.life nije u mogu\u0107nosti pru\u017eiti pristup li\u010dnim podacima bez naloga ili zahtjeva od ovla\u0161\u0107enog organa, ili saglasnosti vlasnika podataka.<\/p>\n\n\n\n<p>banjaluka.life obavje\u0161tava tre\u0107a lica, korisnike i\/ili ogla\u0161iva\u010de da na ovom virtuelnom oglasnom prostoru zagovara slobodnu trgovinu pod istim uslovima, te da \u0107e u situacijama gdje se postupanje suprotno ovim pravilima ne mo\u017ee nedvosmisleno utvrditi, uputiti podnosioca zahtjeva na sprovo\u0111enje odgovaraju\u0107eg sudskog i\/ili upravnog postupka protiv vlasnika odre\u0111enog sadr\u017eaja. Shodno prethodno navedenom, banjaluka.life se obavezuje da \u0107e odmah, bez odlaganja, postupiti po nalogu nadle\u017enog organa i ukloniti, brisati i\/ili mjenjati svaki oglas\/e koji su nazna\u010deni u takvom nalogu.<\/p>\n\n\n\n<h3 class=\"wp-block-heading\">X - Sudska nadle\u017enost<\/h3>\n\n\n\n<p>Za sve zahtjeve i sporove koji mogu proiste\u0107i iz kori\u0161\u0107enja navedenih materijala, nadle\u017ean je sud u Banjaluci.<\/p>\n\n\n\n<p>Vlasnici sajta banjaluka.life zadr\u017eavaju pravo izmjene sadr\u017eaja na web stranici www.banjaluka.life bez prethodne najave, u bilo kom trenutku, na bilo koji na\u010din i iz bilo kojeg razloga, i nisu odgovorni za mogu\u0107e posljedice proistekle iz takvih promjena.<\/p>\n\n\n\n<p>Kori\u0161\u0107enjem, registracijom ili posje\u0107ivanjem banjaluka.life, korisnik\/posjetilac potvr\u0111uje da je upoznat sa Pravilima i uslovima kori\u0161\u0107enja banjaluka.life i da ih u potpunosti prihvata.<\/p>","protected":false},"excerpt":{"rendered":"<p>Amateurish You are a promoter and owner of the information you share on this platform, and as such, you are responsible for the data listed on your profile, the ads you have posted, and the communication that takes place through your profile. As a visitor or user, you are obligated to read the specified Terms, [&hellip;]<\/p>\n","protected":false},"author":1,"featured_media":0,"parent":0,"menu_order":0,"comment_status":"closed","ping_status":"closed","template":"","meta":{"footnotes":""},"class_list":["post-693","page","type-page","status-publish","hentry"],"_links":{"self":[{"href":"https:\/\/banjaluka.life\/sr\/wp-json\/wp\/v2\/pages\/693","targetHints":{"allow":["GET"]}}],"collection":[{"href":"https:\/\/banjaluka.life\/sr\/wp-json\/wp\/v2\/pages"}],"about":[{"href":"https:\/\/banjaluka.life\/sr\/wp-json\/wp\/v2\/types\/page"}],"author":[{"embeddable":true,"href":"https:\/\/banjaluka.life\/sr\/wp-json\/wp\/v2\/users\/1"}],"replies":[{"embeddable":true,"href":"https:\/\/banjaluka.life\/sr\/wp-json\/wp\/v2\/comments?post=693"}],"version-history":[{"count":2,"href":"https:\/\/banjaluka.life\/sr\/wp-json\/wp\/v2\/pages\/693\/revisions"}],"predecessor-version":[{"id":1300,"href":"https:\/\/banjaluka.life\/sr\/wp-json\/wp\/v2\/pages\/693\/revisions\/1300"}],"wp:attachment":[{"href":"https:\/\/banjaluka.life\/sr\/wp-json\/wp\/v2\/media?parent=693"}],"curies":[{"name":"wp","href":"https:\/\/api.w.org\/{rel}","templated":true}]}}