{"id":969,"date":"2023-12-04T21:23:20","date_gmt":"2023-12-04T19:23:20","guid":{"rendered":"https:\/\/banjaluka.life\/?page_id=969"},"modified":"2024-03-01T09:17:13","modified_gmt":"2024-03-01T07:17:13","slug":"about-us","status":"publish","type":"page","link":"https:\/\/banjaluka.life\/sr\/o-nama\/","title":{"rendered":"O nama"},"content":{"rendered":"<div data-elementor-type=\"wp-page\" data-elementor-id=\"969\" class=\"elementor elementor-969\">\n\t\t\t\t\t\t<section class=\"elementor-section elementor-top-section elementor-element elementor-element-e61016a elementor-section-full_width elementor-section-stretched elementor-section-height-default elementor-section-height-default\" data-id=\"e61016a\" data-element_type=\"section\" data-e-type=\"section\" data-settings=\"{&quot;stretch_section&quot;:&quot;section-stretched&quot;}\">\n\t\t\t\t\t\t<div class=\"elementor-container elementor-column-gap-default\">\n\t\t\t\t\t<div class=\"elementor-column elementor-col-100 elementor-top-column elementor-element elementor-element-65af5c5\" data-id=\"65af5c5\" data-element_type=\"column\" data-e-type=\"column\">\n\t\t\t<div class=\"elementor-widget-wrap elementor-element-populated\">\n\t\t\t\t\t\t<div class=\"elementor-element elementor-element-c1b3154 elementor-invisible elementor-widget elementor-widget-image\" data-id=\"c1b3154\" data-element_type=\"widget\" data-e-type=\"widget\" data-settings=\"{&quot;_animation&quot;:&quot;fadeIn&quot;}\" data-widget_type=\"image.default\">\n\t\t\t\t<div class=\"elementor-widget-container\">\n\t\t\t\t\t\t\t\t\t\t\t\t\t\t\t<img decoding=\"async\" src=\"https:\/\/banjaluka.life\/wp-content\/uploads\/elementor\/thumbs\/contact-qkqh4y6cej9gtaos0e3kmfukm6aje1ugz57fy01k34.jpg\" title=\"contact\" alt=\"contact\" loading=\"lazy\" \/>\t\t\t\t\t\t\t\t\t\t\t\t\t\t\t<\/div>\n\t\t\t\t<\/div>\n\t\t\t\t\t<\/div>\n\t\t<\/div>\n\t\t\t\t\t<\/div>\n\t\t<\/section>\n\t\t\t\t<section class=\"elementor-section elementor-top-section elementor-element elementor-element-27dfec4 elementor-section-boxed elementor-section-height-default elementor-section-height-default\" data-id=\"27dfec4\" data-element_type=\"section\" data-e-type=\"section\">\n\t\t\t\t\t\t<div class=\"elementor-container elementor-column-gap-default\">\n\t\t\t\t\t<div class=\"elementor-column elementor-col-100 elementor-top-column elementor-element elementor-element-4f475ba\" data-id=\"4f475ba\" data-element_type=\"column\" data-e-type=\"column\">\n\t\t\t<div class=\"elementor-widget-wrap elementor-element-populated\">\n\t\t\t\t\t\t<div class=\"elementor-element elementor-element-9a5b354 elementor-widget elementor-widget-text-editor\" data-id=\"9a5b354\" data-element_type=\"widget\" data-e-type=\"widget\" data-widget_type=\"text-editor.default\">\n\t\t\t\t<div class=\"elementor-widget-container\">\n\t\t\t\t\t\t\t\t\t<p>Banjaluka.life je portal koji ima za cilj da vam pru\u017ei sve informacije na jednom mjestu. Obuhvatamo \u0161irok spektar informacija, turisti\u010dkih destinacija, izleti\u0161ta, kao i mjesta koje turisti treba da posjete, smje\u0161tajnih jedinica, aktivnosti, fotografija ali i mno\u0161tvo drugih usluga.<\/p><p>Klju\u010dna karakteristika nam je da turistima, kao i svim drugim korisnicima portala, pru\u017eimo sveobuhvatne informacije o Banjaluci. To se odnosi na sve informacije o izletni\u010dkim mjestima koje ovaj grad nudi, prirodnim ljepotama, svim kulturnim i istorijskim spomenicima, ali i o aktivnostima i manifestacijama koje se dogadjaju u ovom gradu.<\/p>\t\t\t\t\t\t\t\t<\/div>\n\t\t\t\t<\/div>\n\t\t\t\t\t<\/div>\n\t\t<\/div>\n\t\t\t\t\t<\/div>\n\t\t<\/section>\n\t\t\t\t<section class=\"elementor-section elementor-top-section elementor-element elementor-element-b1db9ae elementor-section-boxed elementor-section-height-default elementor-section-height-default\" data-id=\"b1db9ae\" data-element_type=\"section\" data-e-type=\"section\">\n\t\t\t\t\t\t<div class=\"elementor-container elementor-column-gap-default\">\n\t\t\t\t\t<div class=\"elementor-column elementor-col-50 elementor-top-column elementor-element elementor-element-ef1c0f1\" data-id=\"ef1c0f1\" data-element_type=\"column\" data-e-type=\"column\">\n\t\t\t<div class=\"elementor-widget-wrap elementor-element-populated\">\n\t\t\t\t\t\t<div class=\"elementor-element elementor-element-9b2c046 elementor-widget elementor-widget-image\" data-id=\"9b2c046\" data-element_type=\"widget\" data-e-type=\"widget\" data-widget_type=\"image.default\">\n\t\t\t\t<div class=\"elementor-widget-container\">\n\t\t\t\t\t\t\t\t\t\t\t\t\t\t\t<img decoding=\"async\" src=\"https:\/\/banjaluka.life\/wp-content\/uploads\/elementor\/thumbs\/Banjaluka-Gospodska-1-qkqh7bpe6e1o9m69umnrf54ctaqloyoat4nqeen8kg.jpg\" title=\"Banjaluka Gospodska 1\" alt=\"Banjaluka Gospodska 1\" loading=\"lazy\" \/>\t\t\t\t\t\t\t\t\t\t\t\t\t\t\t<\/div>\n\t\t\t\t<\/div>\n\t\t\t\t\t<\/div>\n\t\t<\/div>\n\t\t\t\t<div class=\"elementor-column elementor-col-50 elementor-top-column elementor-element elementor-element-e68565e\" data-id=\"e68565e\" data-element_type=\"column\" data-e-type=\"column\">\n\t\t\t<div class=\"elementor-widget-wrap elementor-element-populated\">\n\t\t\t\t\t\t<div class=\"elementor-element elementor-element-e2ca6cb elementor-widget elementor-widget-text-editor\" data-id=\"e2ca6cb\" data-element_type=\"widget\" data-e-type=\"widget\" data-widget_type=\"text-editor.default\">\n\t\t\t\t<div class=\"elementor-widget-container\">\n\t\t\t\t\t\t\t\t\t<p style=\"font-size: 15px;\"><span style=\"color: var( --e-global-color-text ); font-family: var( --e-global-typography-text-font-family ), Sans-serif; font-weight: var( --e-global-typography-text-font-weight );\">Pored informacija o turisti\u010dkoj ponudi grada Banja Luke, takodje vam nudimo sve informacije o ponudi koja je vezana za edukaciju i obrazovanje, automehani\u010dare, zubare, home &amp; office usluge, gastro zabava i organizacija, kao i sve medicinske usluge (ljepota i njega).<\/span><\/p><p style=\"font-size: 15px;\">Kod nas takodje mo\u017eete saznati sve o no\u0107nom \u017eivotu grada Banja Luke, o mnogim aktuelnim ugostiteljskim objektima koje treba da posjetiti. Iz prve ruke \u0107emo vam pru\u017eiti prave, ta\u010dne i pouzdane informacije o gastronomskoj ponudi grada, kao i o svim shopping centima koje treba da posjetite.<\/p>\t\t\t\t\t\t\t\t<\/div>\n\t\t\t\t<\/div>\n\t\t\t\t\t<\/div>\n\t\t<\/div>\n\t\t\t\t\t<\/div>\n\t\t<\/section>\n\t\t\t\t<section class=\"elementor-section elementor-top-section elementor-element elementor-element-dc5ee9a elementor-section-boxed elementor-section-height-default elementor-section-height-default\" data-id=\"dc5ee9a\" data-element_type=\"section\" data-e-type=\"section\">\n\t\t\t\t\t\t<div class=\"elementor-container elementor-column-gap-default\">\n\t\t\t\t\t<div class=\"elementor-column elementor-col-50 elementor-top-column elementor-element elementor-element-6812dc8\" data-id=\"6812dc8\" data-element_type=\"column\" data-e-type=\"column\">\n\t\t\t<div class=\"elementor-widget-wrap elementor-element-populated\">\n\t\t\t\t\t\t<div class=\"elementor-element elementor-element-f571078 elementor-widget elementor-widget-text-editor\" data-id=\"f571078\" data-element_type=\"widget\" data-e-type=\"widget\" data-widget_type=\"text-editor.default\">\n\t\t\t\t<div class=\"elementor-widget-container\">\n\t\t\t\t\t\t\t\t\t<p style=\"font-size: 15px;\">Na\u0161 portal nastao je iz \u017eelje i potrebe da vam pru\u017eimo sve neophodne informacije i usluge na jednom mjestu. Sa na\u0161om bogatom ponudom svih potrebnih informacija u\u010dinit \u0107ete svoje putovanje zabavnim i jednostavnim. Na\u0161 glavni cilj je da posjetioci na\u0161eg portala na jednom mjestu mogu da vide i raspola\u017eu svim uslugama i informacijama koje Banja Luka ima u ponudi.<\/p><p style=\"font-size: 15px;\">Na\u0161 portal je zami\u0161ljen poput turisti\u010dkog vodi\u010da koji obuhvata cjelokupnu ponudu i potra\u017enju usluga te \u0107e na taj na\u010din pomo\u0107i svim na\u0161im korisnicima da lako dodju do svih bitnih informacija o smje\u0161taju u gradu, turisti\u010dkoj i gastro ponudi, kao i uslugama koje im mogu biti potrebne (automehani\u010dari, frizeri, saloni ljepote i sli\u010dno).<\/p>\t\t\t\t\t\t\t\t<\/div>\n\t\t\t\t<\/div>\n\t\t\t\t\t<\/div>\n\t\t<\/div>\n\t\t\t\t<div class=\"elementor-column elementor-col-50 elementor-top-column elementor-element elementor-element-02c5974\" data-id=\"02c5974\" data-element_type=\"column\" data-e-type=\"column\">\n\t\t\t<div class=\"elementor-widget-wrap elementor-element-populated\">\n\t\t\t\t\t\t<div class=\"elementor-element elementor-element-cfe1987 elementor-widget elementor-widget-image\" data-id=\"cfe1987\" data-element_type=\"widget\" data-e-type=\"widget\" data-widget_type=\"image.default\">\n\t\t\t\t<div class=\"elementor-widget-container\">\n\t\t\t\t\t\t\t\t\t\t\t\t\t\t\t<img decoding=\"async\" src=\"https:\/\/banjaluka.life\/wp-content\/uploads\/elementor\/thumbs\/Banjaluka-Presidential-Palace-1-qkqh7k5xvwd963tzh8bejkzi5rkwm8lvuaj3pwap0g.jpg\" title=\"Banjaluka Presidential Palace 1\" alt=\"Banjaluka Presidential Palace 1\" loading=\"lazy\" \/>\t\t\t\t\t\t\t\t\t\t\t\t\t\t\t<\/div>\n\t\t\t\t<\/div>\n\t\t\t\t\t<\/div>\n\t\t<\/div>\n\t\t\t\t\t<\/div>\n\t\t<\/section>\n\t\t\t\t<\/div>","protected":false},"excerpt":{"rendered":"<p>Banja Luka.life is a portal that aims to provide you with all the information in one place. We cover a wide range of information, tourist destinations, excursion sites, as well as places that tourists should visit, accommodation units, activities, photos, and many other services. Our key feature is to provide comprehensive information about Banja Luka [&hellip;]<\/p>\n","protected":false},"author":1,"featured_media":789,"parent":0,"menu_order":0,"comment_status":"closed","ping_status":"closed","template":"","meta":{"footnotes":""},"class_list":["post-969","page","type-page","status-publish","has-post-thumbnail","hentry"],"_links":{"self":[{"href":"https:\/\/banjaluka.life\/sr\/wp-json\/wp\/v2\/pages\/969","targetHints":{"allow":["GET"]}}],"collection":[{"href":"https:\/\/banjaluka.life\/sr\/wp-json\/wp\/v2\/pages"}],"about":[{"href":"https:\/\/banjaluka.life\/sr\/wp-json\/wp\/v2\/types\/page"}],"author":[{"embeddable":true,"href":"https:\/\/banjaluka.life\/sr\/wp-json\/wp\/v2\/users\/1"}],"replies":[{"embeddable":true,"href":"https:\/\/banjaluka.life\/sr\/wp-json\/wp\/v2\/comments?post=969"}],"version-history":[{"count":3,"href":"https:\/\/banjaluka.life\/sr\/wp-json\/wp\/v2\/pages\/969\/revisions"}],"predecessor-version":[{"id":1454,"href":"https:\/\/banjaluka.life\/sr\/wp-json\/wp\/v2\/pages\/969\/revisions\/1454"}],"wp:featuredmedia":[{"embeddable":true,"href":"https:\/\/banjaluka.life\/sr\/wp-json\/wp\/v2\/media\/789"}],"wp:attachment":[{"href":"https:\/\/banjaluka.life\/sr\/wp-json\/wp\/v2\/media?parent=969"}],"curies":[{"name":"wp","href":"https:\/\/api.w.org\/{rel}","templated":true}]}}